{"id":75,"date":"2021-06-21T10:15:24","date_gmt":"2021-06-21T10:15:24","guid":{"rendered":"https:\/\/wide.buza.be\/?page_id=75"},"modified":"2022-01-01T14:54:49","modified_gmt":"2022-01-01T14:54:49","slug":"nase-usluge","status":"publish","type":"page","link":"https:\/\/www.wideprojekt.com\/de\/nase-usluge\/","title":{"rendered":"Unsere Dienstleistungen"},"content":{"rendered":"<p><strong>DESIGN:<\/strong><\/p>\n<ul>\n<li>Stra\u00dfen\n<ul>\n<li>Vor- und Hauptprojekte des Stra\u00dfenbaus,<\/li>\n<li>Umbau und Modernisierung bestehender Stra\u00dfen,<\/li>\n<li>Bau und Umbau eines Fu\u00dfg\u00e4ngerweges entlang der Stra\u00dfe,<\/li>\n<li>Rekonstruktion von Kreuzungen (klassischer Kreuzungs-Kreisverkehr)<\/li>\n<\/ul>\n<\/li>\n<\/ul>\n<ul>\n<li>Stra\u00dfenanlagen\n<ul>\n<li>Br\u00fccken,<\/li>\n<li>Viadukte,<\/li>\n<li>Unterf\u00fchrungen \/ \u00dcberf\u00fchrungen,<\/li>\n<\/ul>\n<\/li>\n<\/ul>\n<ul>\n<li>Geb\u00e4ude\n<ul>\n<li>Individuelles Wohnen,<\/li>\n<li>Gemeinschaftsunterk\u00fcnfte,<\/li>\n<li>Wohnen &#8211; Gesch\u00e4ftseinrichtungen,<\/li>\n<li>Modernisierung, Umbau, Anpassung bestehender Anlagen,<\/li>\n<li>Stahlger\u00fcst<\/li>\n<\/ul>\n<\/li>\n<\/ul>\n<ul>\n<li>Geotechnische Projekte\n<ul>\n<li>Sanierung und Schutz von H\u00e4ngen \/ Erdrutschen,<\/li>\n<li>St\u00fctzkonstruktionen-RC-St\u00fctzw\u00e4nde,<\/li>\n<li>Gr\u00fcndung von Geb\u00e4uden auf Pf\u00e4hlen,<\/li>\n<li>Baugrubenschutzprojekte,<\/li>\n<\/ul>\n<\/li>\n<\/ul>\n<ul>\n<li>Infrastruktur\n<ul>\n<li>Wasserversorgungs- und Kanalisationsnetz (Bau, Wiederaufbau),<\/li>\n<li>Stra\u00dfenbeleuchtungsprojekte,<\/li>\n<li>Au\u00dfen.<\/li>\n<\/ul>\n<\/li>\n<\/ul>\n<p><strong>BERUFLICHE \u00dcBERWACHUNG:<\/strong><\/p>\n<ul>\n<li>\u00dcber Bau-, Handwerks- und sonstige Arbeiten vor Ort, Umbau von Stra\u00dfen, Bau von Geb\u00e4uden, geotechnischen und infrastrukturellen Einrichtungen,<\/li>\n<li>Labor- und In-situ-Tests zur Qualit\u00e4tskontrolle von installierten Materialien und Ger\u00e4ten,<strong>\u00a0<\/strong><\/li>\n<\/ul>\n<p><strong>BERATUNG:<\/strong><\/p>\n<ul>\n<li>Professionelle Beratungsleistungen f\u00fcr Investoren bei der Vorbereitung der Investition &#8211; technische Dokumentation,<\/li>\n<li>Koordination zwischen den Baubeteiligten w\u00e4hrend der Ausf\u00fchrung der Arbeiten \u2013 Projektmanagement<\/li>\n<\/ul>\n<p><\/p>","protected":false},"excerpt":{"rendered":"<p>DESIGN: Stra\u00dfen Vor- und Hauptprojekte des Stra\u00dfenbaus, Umbau und Modernisierung bestehender Stra\u00dfen, Bau und Umbau eines Fu\u00dfg\u00e4ngerweges entlang der Stra\u00dfe, Rekonstruktion von Kreuzungen (klassischer Kreuzungs-Kreisverkehr) Stra\u00dfenanlagen Br\u00fccken, Viadukte, Unterf\u00fchrungen \/ [&hellip;]<\/p>\n","protected":false},"author":1,"featured_media":0,"parent":0,"menu_order":0,"comment_status":"closed","ping_status":"closed","template":"page-full-width.php","meta":{"footnotes":""},"class_list":["post-75","page","type-page","status-publish","hentry"],"_links":{"self":[{"href":"https:\/\/www.wideprojekt.com\/de\/wp-json\/wp\/v2\/pages\/75","targetHints":{"allow":["GET"]}}],"collection":[{"href":"https:\/\/www.wideprojekt.com\/de\/wp-json\/wp\/v2\/pages"}],"about":[{"href":"https:\/\/www.wideprojekt.com\/de\/wp-json\/wp\/v2\/types\/page"}],"author":[{"embeddable":true,"href":"https:\/\/www.wideprojekt.com\/de\/wp-json\/wp\/v2\/users\/1"}],"replies":[{"embeddable":true,"href":"https:\/\/www.wideprojekt.com\/de\/wp-json\/wp\/v2\/comments?post=75"}],"version-history":[{"count":5,"href":"https:\/\/www.wideprojekt.com\/de\/wp-json\/wp\/v2\/pages\/75\/revisions"}],"predecessor-version":[{"id":137,"href":"https:\/\/www.wideprojekt.com\/de\/wp-json\/wp\/v2\/pages\/75\/revisions\/137"}],"wp:attachment":[{"href":"https:\/\/www.wideprojekt.com\/de\/wp-json\/wp\/v2\/media?parent=75"}],"curies":[{"name":"wp","href":"https:\/\/api.w.org\/{rel}","templated":true}]}}